

{"id":630,"date":"2020-12-17T16:50:32","date_gmt":"2020-12-17T16:50:32","guid":{"rendered":"https:\/\/www.colectivodeabogados.org\/psicosocial\/?page_id=630"},"modified":"2020-12-17T16:53:51","modified_gmt":"2020-12-17T16:53:51","slug":"que-acciones-realizas-tu-para-el-autocuidado","status":"publish","type":"page","link":"https:\/\/www.colectivodeabogados.org\/psicosocial\/que-acciones-realizas-tu-para-el-autocuidado\/","title":{"rendered":"\u00bfQu\u00e9 acciones realizas t\u00fa para el autocuidado?"},"content":{"rendered":"\n\t\t\t<!-- START \u00bfQu\u00e9 acciones realizas t\u00fa para el autocuidado? REVOLUTION SLIDER 6.3.3 --><p class=\"rs-p-wp-fix\"><\/p>\n\t\t\t<rs-module-wrap id=\"rev_slider_44_1_wrapper\" data-source=\"gallery\" style=\"background:transparent;padding:0;margin:0px auto;margin-top:0;margin-bottom:0;\">\n\t\t\t\t<rs-module id=\"rev_slider_44_1\" style=\"\" data-version=\"6.3.3\">\n\t\t\t\t\t<rs-slides>\n\t\t\t\t\t\t<rs-slide data-key=\"rs-138\" data-title=\"Slide\" data-anim=\"ei:d;eo:d;s:1000;r:0;t:fade;sl:0;\">\n\t\t\t\t\t\t\t<img src=\"\/\/www.colectivodeabogados.org\/psicosocial\/wp-content\/plugins\/revslider\/public\/assets\/assets\/transparent.png\" alt=\"Slide\" title=\"\u00bfQu\u00e9 acciones realizas t\u00fa para el autocuidado?\" data-bg=\"c:#ffffff;\" data-parallax=\"off\" class=\"rev-slidebg\" data-no-retina>\n<!--\n\t\t\t\t\t\t\t--><rs-group\n\t\t\t\t\t\t\t\tid=\"slider-44-slide-138-layer-0\" \n\t\t\t\t\t\t\t\tdata-type=\"group\"\n\t\t\t\t\t\t\t\tdata-rsp_ch=\"on\"\n\t\t\t\t\t\t\t\tdata-text=\"w:normal;s:20,20,20,6;l:0,0,0,7;\"\n\t\t\t\t\t\t\t\tdata-dim=\"w:100%;h:100%;\"\n\t\t\t\t\t\t\t\tdata-frame_0=\"o:1;\"\n\t\t\t\t\t\t\t\tdata-frame_999=\"o:0;st:w;sA:9000;\"\n\t\t\t\t\t\t\t\tstyle=\"z-index:11;\"\n\t\t\t\t\t\t\t><!--\n\t\t\t\t\t\t\t\t--><rs-layer\n\t\t\t\t\t\t\t\t\tid=\"slider-44-slide-138-layer-1\" \n\t\t\t\t\t\t\t\t\tdata-type=\"image\"\n\t\t\t\t\t\t\t\t\tdata-rsp_ch=\"on\"\n\t\t\t\t\t\t\t\t\tdata-xy=\"x:c;yo:50px,50px,50px,16px;\"\n\t\t\t\t\t\t\t\t\tdata-text=\"w:normal;s:20,20,20,6;l:0,0,0,7;\"\n\t\t\t\t\t\t\t\t\tdata-dim=\"w:1461px,1461px,1461px,486px;h:141px,141px,141px,46px;\"\n\t\t\t\t\t\t\t\t\tdata-frame_999=\"o:0;st:w;\"\n\t\t\t\t\t\t\t\t\tstyle=\"z-index:5;\"\n\t\t\t\t\t\t\t\t><img src=\"\/\/www.colectivodeabogados.org\/psicosocial\/wp-content\/uploads\/2020\/12\/text7-Asset-1.svg\" width=\"0\" height=\"0\" data-no-retina> \n\t\t\t\t\t\t\t\t<\/rs-layer><!--\n\n\t\t\t\t\t\t\t\t--><rs-layer\n\t\t\t\t\t\t\t\t\tid=\"slider-44-slide-138-layer-8\" \n\t\t\t\t\t\t\t\t\tdata-type=\"image\"\n\t\t\t\t\t\t\t\t\tdata-rsp_ch=\"on\"\n\t\t\t\t\t\t\t\t\tdata-xy=\"x:c;yo:240px,240px,240px,79px;\"\n\t\t\t\t\t\t\t\t\tdata-text=\"w:normal;s:20,20,20,6;l:0,0,0,7;\"\n\t\t\t\t\t\t\t\t\tdata-dim=\"w:844px,844px,844px,388px;h:115px,115px,115px,53px;\"\n\t\t\t\t\t\t\t\t\tdata-frame_999=\"o:0;st:w;\"\n\t\t\t\t\t\t\t\t\tstyle=\"z-index:6;\"\n\t\t\t\t\t\t\t\t><img src=\"\/\/www.colectivodeabogados.org\/psicosocial\/wp-content\/uploads\/2020\/12\/text7-Asset-2.svg\" width=\"0\" height=\"0\" data-no-retina> \n\t\t\t\t\t\t\t\t<\/rs-layer><!--\n\n\t\t\t\t\t\t\t\t--><rs-layer\n\t\t\t\t\t\t\t\t\tid=\"slider-44-slide-138-layer-9\" \n\t\t\t\t\t\t\t\t\tdata-type=\"shape\"\n\t\t\t\t\t\t\t\t\tdata-rsp_ch=\"on\"\n\t\t\t\t\t\t\t\t\tdata-xy=\"xo:-6px,-6px,-6px,-2px;yo:1121px,1121px,1121px,1141px;\"\n\t\t\t\t\t\t\t\t\tdata-text=\"w:normal;s:20,20,20,6;l:0,0,0,7;\"\n\t\t\t\t\t\t\t\t\tdata-dim=\"w:1450px,1450px,1450px,483px;h:180px,180px,180px,59px;\"\n\t\t\t\t\t\t\t\t\tdata-frame_999=\"o:0;st:w;\"\n\t\t\t\t\t\t\t\t\tstyle=\"z-index:7;background-color:#ece413;\"\n\t\t\t\t\t\t\t\t> \n\t\t\t\t\t\t\t\t<\/rs-layer><!--\n\n\t\t\t\t\t\t\t\t--><rs-layer\n\t\t\t\t\t\t\t\t\tid=\"slider-44-slide-138-layer-10\" \n\t\t\t\t\t\t\t\t\tdata-type=\"text\"\n\t\t\t\t\t\t\t\t\tdata-color=\"#000000\"\n\t\t\t\t\t\t\t\t\tdata-rsp_ch=\"on\"\n\t\t\t\t\t\t\t\t\tdata-xy=\"x:c;xo:0,0,0,-6px;yo:495px,495px,495px,288px;\"\n\t\t\t\t\t\t\t\t\tdata-text=\"w:normal;s:20,20,20,13;l:25,25,25,17;\"\n\t\t\t\t\t\t\t\t\tdata-dim=\"w:1214px,1214px,1214px,404px;\"\n\t\t\t\t\t\t\t\t\tdata-frame_999=\"o:0;st:w;\"\n\t\t\t\t\t\t\t\t\tstyle=\"z-index:8;font-family:Roboto;\"\n\t\t\t\t\t\t\t\t><div class=\"frm_forms  with_frm_style frm_style_grande\" id=\"frm_form_2_container\" >\r\n<form enctype=\"multipart\/form-data\" method=\"post\" class=\"frm-show-form  frm_pro_form  frm_ajax_submit \" id=\"form_herramientas\"  >\r\n<div class=\"frm_form_fields \">\r\n<fieldset>\r\n<legend class=\"frm_screen_reader\">Herramientas<\/legend>\r\n\r\n<div class=\"frm_fields_container\">\r\n<input type=\"hidden\" name=\"frm_action\" value=\"create\" \/>\r\n<input type=\"hidden\" name=\"form_id\" value=\"2\" \/>\r\n<input type=\"hidden\" name=\"frm_hide_fields_2\" id=\"frm_hide_fields_2\" value=\"\" \/>\r\n<input type=\"hidden\" name=\"form_key\" value=\"herramientas\" \/>\r\n<input type=\"hidden\" name=\"item_meta[0]\" value=\"\" \/>\r\n<input type=\"hidden\" id=\"frm_submit_entry_2\" name=\"frm_submit_entry_2\" value=\"0d16f68c43\" \/><input type=\"hidden\" name=\"_wp_http_referer\" value=\"\/psicosocial\/wp-json\/wp\/v2\/pages\/630\" \/><div id=\"frm_field_6_container\" class=\"frm_form_field form-field  frm_required_field frm_top_container\">\r\n    <label for=\"field_71rxu\" id=\"field_71rxu_label\" class=\"frm_primary_label\">Nombre\r\n        <span class=\"frm_required\">*<\/span>\r\n    <\/label>\r\n    <input type=\"text\" id=\"field_71rxu\" name=\"item_meta[6]\" value=\"\"  data-reqmsg=\"Este campo no puede estar en blanco.\" aria-required=\"true\" data-invmsg=\"Texto no es v\u00e1lido\" aria-invalid=\"false\"  \/>\r\n    \r\n    \r\n<\/div>\n<div id=\"frm_field_8_container\" class=\"frm_form_field form-field  frm_top_container\">\r\n    <label for=\"field_imsd0\" id=\"field_imsd0_label\" class=\"frm_primary_label\">Correo electr\u00f3nico\r\n        <span class=\"frm_required\"><\/span>\r\n    <\/label>\r\n    <input type=\"email\" id=\"field_imsd0\" name=\"item_meta[8]\" value=\"\"  data-invmsg=\"Correo electr\u00f3nico no es v\u00e1lido\" aria-invalid=\"false\"   aria-describedby=\"frm_desc_field_imsd0\"\/>\r\n    <div class=\"frm_description\" id=\"frm_desc_field_imsd0\">Escribe un correo electr\u00f3nico al cual llegar\u00e1 una copia de lo que nos compartes.<\/div>\r\n    \r\n<\/div>\n<div id=\"frm_field_9_container\" class=\"frm_form_field form-field  frm_required_field frm_top_container\">\r\n    <label for=\"field_hpftj\" id=\"field_hpftj_label\" class=\"frm_primary_label\">\u00bfQu\u00e9 acciones realizas t\u00fa para el autocuidado?\r\n        <span class=\"frm_required\">*<\/span>\r\n    <\/label>\r\n    <textarea name=\"item_meta[9]\" id=\"field_hpftj\" rows=\"5\"  data-reqmsg=\"Este campo no puede estar en blanco.\" aria-required=\"true\" data-invmsg=\"\u00bfQu\u00e9 acciones realizas t\u00fa para el autocuidado? no es v\u00e1lido\" aria-invalid=\"false\"  ><\/textarea>\r\n    \r\n    \r\n<\/div>\n<input type=\"hidden\" name=\"item_key\" value=\"\" \/>\r\n\t<div class=\"frm_submit\">\r\n\r\n<button class=\"frm_button_submit frm_final_submit\" type=\"submit\"   formnovalidate=\"formnovalidate\">Enviar<\/button>\r\n\r\n<\/div><div class=\"frm_verify\" aria-hidden=\"true\">\r\n\t<label for=\"frm_verify_2\">\r\n\t\tSi eres humano, deja este campo en blanco.\t<\/label>\r\n\t<input type=\"text\" class=\"frm_verify\" id=\"frm_verify_2\" name=\"frm_verify\" value=\"\"  \/>\r\n<\/div>\r\n<\/div>\r\n<\/fieldset>\r\n<\/div>\r\n<\/form>\r\n<\/div>\r\n \n\t\t\t\t\t\t\t\t<\/rs-layer><!--\n\n\t\t\t\t\t\t\t\t--><a\n\t\t\t\t\t\t\t\t\tid=\"slider-44-slide-138-layer-11\" \n\t\t\t\t\t\t\t\t\tclass=\"rs-layer rev-btn\"\n\t\t\t\t\t\t\t\t\thref=\"..\/..\/que-otras-acciones-realizas-tu-para-el-autocuidado\/\" target=\"_self\"\n\t\t\t\t\t\t\t\t\tdata-type=\"button\"\n\t\t\t\t\t\t\t\t\tdata-color=\"#000000\"\n\t\t\t\t\t\t\t\t\tdata-rsp_ch=\"on\"\n\t\t\t\t\t\t\t\t\tdata-xy=\"xo:285px,285px,285px,7px;yo:399px,399px,399px,163px;\"\n\t\t\t\t\t\t\t\t\tdata-text=\"w:normal;s:20,20,20,17;l:55,55,55,38;fw:500;\"\n\t\t\t\t\t\t\t\t\tdata-dim=\"minh:0px,0px,0px,none;\"\n\t\t\t\t\t\t\t\t\tdata-padding=\"r:50,50,50,56;l:50,50,50,56;\"\n\t\t\t\t\t\t\t\t\tdata-border=\"bor:3px,3px,3px,3px;\"\n\t\t\t\t\t\t\t\t\tdata-frame_0=\"x:0,0,0,0px;y:0,0,0,0px;\"\n\t\t\t\t\t\t\t\t\tdata-frame_1=\"x:0,0,0,0px;y:0,0,0,0px;\"\n\t\t\t\t\t\t\t\t\tdata-frame_999=\"o:0;st:w;\"\n\t\t\t\t\t\t\t\t\tdata-frame_hover=\"c:#000;bgc:#ffb600;bor:3px,3px,3px,3px;sp:100;e:power1.inOut;bri:120%;\"\n\t\t\t\t\t\t\t\t\tstyle=\"z-index:10;background-color:#ffcc00;font-family:Roboto;\"\n\t\t\t\t\t\t\t\t>Volver a las herramientas \n\t\t\t\t\t\t\t\t<\/a><!--\n\n\t\t\t\t\t\t\t\t--><a\n\t\t\t\t\t\t\t\t\tid=\"slider-44-slide-138-layer-12\" \n\t\t\t\t\t\t\t\t\tclass=\"rs-layer rev-btn\"\n\t\t\t\t\t\t\t\t\thref=\"..\/..\/herramientas-y-ejercicios-para-el-autocuidado\/\" target=\"_self\"\n\t\t\t\t\t\t\t\t\tdata-type=\"button\"\n\t\t\t\t\t\t\t\t\tdata-color=\"#000000\"\n\t\t\t\t\t\t\t\t\tdata-rsp_ch=\"on\"\n\t\t\t\t\t\t\t\t\tdata-xy=\"x:l,l,l,c;xo:645px,645px,645px,-16px;yo:399px,399px,399px,209px;\"\n\t\t\t\t\t\t\t\t\tdata-text=\"w:normal;s:20,20,20,16;l:55,55,55,37;fw:500;\"\n\t\t\t\t\t\t\t\t\tdata-dim=\"minh:0px,0px,0px,none;\"\n\t\t\t\t\t\t\t\t\tdata-padding=\"r:50,50,50,54;l:50,50,50,54;\"\n\t\t\t\t\t\t\t\t\tdata-border=\"bor:3px,3px,3px,3px;\"\n\t\t\t\t\t\t\t\t\tdata-frame_0=\"x:0,0,0,0px;y:0,0,0,0px;\"\n\t\t\t\t\t\t\t\t\tdata-frame_1=\"x:0,0,0,0px;y:0,0,0,0px;\"\n\t\t\t\t\t\t\t\t\tdata-frame_999=\"o:0;st:w;\"\n\t\t\t\t\t\t\t\t\tdata-frame_hover=\"c:#000;bgc:#ffb600;bor:3px,3px,3px,3px;sp:100;e:power1.inOut;bri:120%;\"\n\t\t\t\t\t\t\t\t\tstyle=\"z-index:9;background-color:#ffcc00;font-family:Roboto;\"\n\t\t\t\t\t\t\t\t>Herramientas y Ejercicios para el Autocuidado \n\t\t\t\t\t\t\t\t<\/a><!--\n\t\t\t\t\t\t\t--><\/rs-group><!--\n-->\t\t\t\t\t\t<\/rs-slide>\n\t\t\t\t\t<\/rs-slides>\n\t\t\t\t<\/rs-module>\n\t\t\t\t<script type=\"text\/javascript\">\n\t\t\t\t\tsetREVStartSize({c: 'rev_slider_44_1',rl:[1240,1240,1240,480],el:[1300,1300,1300,1200],gw:[1440,1440,1440,480],gh:[1300,1300,1300,1200],type:'standard',justify:'',layout:'fullwidth',mh:\"0\"});\n\t\t\t\t\tvar\trevapi44,\n\t\t\t\t\t\ttpj;\n\t\t\t\t\tfunction revinit_revslider441() {\n\t\t\t\t\tjQuery(function() {\n\t\t\t\t\t\ttpj = jQuery;\n\t\t\t\t\t\trevapi44 = tpj(\"#rev_slider_44_1\");\n\t\t\t\t\t\tif(revapi44==undefined || revapi44.revolution == undefined){\n\t\t\t\t\t\t\trevslider_showDoubleJqueryError(\"rev_slider_44_1\");\n\t\t\t\t\t\t}else{\n\t\t\t\t\t\t\trevapi44.revolution({\n\t\t\t\t\t\t\t\tsliderLayout:\"fullwidth\",\n\t\t\t\t\t\t\t\tvisibilityLevels:\"1240,1240,1240,480\",\n\t\t\t\t\t\t\t\tgridwidth:\"1440,1440,1440,480\",\n\t\t\t\t\t\t\t\tgridheight:\"1300,1300,1300,1200\",\n\t\t\t\t\t\t\t\tenableUpscaling:true,\n\t\t\t\t\t\t\t\tperspective:600,\n\t\t\t\t\t\t\t\tperspectiveType:\"global\",\n\t\t\t\t\t\t\t\teditorheight:\"1300,768,960,1200\",\n\t\t\t\t\t\t\t\tresponsiveLevels:\"1240,1240,1240,480\",\n\t\t\t\t\t\t\t\tprogressBar:{disableProgressBar:true},\n\t\t\t\t\t\t\t\tnavigation: {\n\t\t\t\t\t\t\t\t\tonHoverStop:false\n\t\t\t\t\t\t\t\t},\n\t\t\t\t\t\t\t\tparallax: {\n\t\t\t\t\t\t\t\t\tlevels:[1,2,3,4,5,6,7,8,9,0,10,11,12,13,14,30],\n\t\t\t\t\t\t\t\t\ttype:\"mouse\",\n\t\t\t\t\t\t\t\t\tspeed:0\n\t\t\t\t\t\t\t\t},\n\t\t\t\t\t\t\t\tfallbacks: {\n\t\t\t\t\t\t\t\t\tallowHTML5AutoPlayOnAndroid:true\n\t\t\t\t\t\t\t\t},\n\t\t\t\t\t\t\t});\n\t\t\t\t\t\t}\n\t\t\t\t\t\t\n\t\t\t\t\t});\n\t\t\t\t\t} \/\/ End of RevInitScript\n\t\t\t\tvar once_revslider441 = false;\n\t\t\t\tif (document.readyState === \"loading\") {document.addEventListener('readystatechange',function() { if((document.readyState === \"interactive\" || document.readyState === \"complete\") && !once_revslider441 ) { once_revslider441 = true; revinit_revslider441();}});} else {once_revslider441 = true; revinit_revslider441();}\n\t\t\t\t<\/script>\n\t\t\t\t<script>\n\t\t\t\t\tvar htmlDivCss = unescape(\"html%20%7B%0A%20%20scroll-behavior%3A%20smooth%3B%0A%7D%0A%0A.position-fixed%20%7B%0A%20%20%20%20position%3Afixed%20%21important%3B%0A%7D%0A%0A.bottom-top-unset%20%7B%0A%20%20bottom%3A%201vw%20%21important%3B%0A%20%20top%3A%20unset%20%21important%3B%0A%7D%0A%0A.text-align-justify%20p%20%7B%0A%20%20text-align%3A%20justify%20%21important%3B%0A%7D%0A%0Ars-slide%5Bdata-key%3D%22rs-22%22%5D%2C%0Ars-slide%5Bdata-key%3D%22rs-34%22%5D%2C%0Ars-slide%5Bdata-key%3D%22rs-37%22%5D%2C%0Ars-slide%5Bdata-key%3D%22rs-45%22%5D%2C%0Ars-slide%5Bdata-key%3D%22rs-48%22%5D%2C%0A.position-fixed%20%7B%0A%20%20%20%20position%3A%20fixed%3B%0A%7D%0A%0A.fixed-position%20%7B%0A%20%20position%3A%20fixed%20%21important%3B%0A%7D%0A%0Ars-module%23rev_slider_4_1%20%7B%0A%20%20%20%20transform%3A%20unset%20%21important%3B%0A%7D\");\n\t\t\t\t\tvar htmlDiv = document.getElementById('rs-plugin-settings-inline-css');\n\t\t\t\t\tif(htmlDiv) {\n\t\t\t\t\t\thtmlDiv.innerHTML = htmlDiv.innerHTML + htmlDivCss;\n\t\t\t\t\t}else{\n\t\t\t\t\t\tvar htmlDiv = document.createElement('div');\n\t\t\t\t\t\thtmlDiv.innerHTML = '<style>' + htmlDivCss + '<\/style>';\n\t\t\t\t\t\tdocument.getElementsByTagName('head')[0].appendChild(htmlDiv.childNodes[0]);\n\t\t\t\t\t}\n\t\t\t\t<\/script>\n\t\t\t<\/rs-module-wrap>\n\t\t\t<!-- END REVOLUTION SLIDER -->\n\n","protected":false},"excerpt":{"rendered":"","protected":false},"author":1,"featured_media":0,"parent":0,"menu_order":0,"comment_status":"closed","ping_status":"closed","template":"","meta":[],"_links":{"self":[{"href":"https:\/\/www.colectivodeabogados.org\/psicosocial\/wp-json\/wp\/v2\/pages\/630"}],"collection":[{"href":"https:\/\/www.colectivodeabogados.org\/psicosocial\/wp-json\/wp\/v2\/pages"}],"about":[{"href":"https:\/\/www.colectivodeabogados.org\/psicosocial\/wp-json\/wp\/v2\/types\/page"}],"author":[{"embeddable":true,"href":"https:\/\/www.colectivodeabogados.org\/psicosocial\/wp-json\/wp\/v2\/users\/1"}],"replies":[{"embeddable":true,"href":"https:\/\/www.colectivodeabogados.org\/psicosocial\/wp-json\/wp\/v2\/comments?post=630"}],"version-history":[{"count":4,"href":"https:\/\/www.colectivodeabogados.org\/psicosocial\/wp-json\/wp\/v2\/pages\/630\/revisions"}],"predecessor-version":[{"id":638,"href":"https:\/\/www.colectivodeabogados.org\/psicosocial\/wp-json\/wp\/v2\/pages\/630\/revisions\/638"}],"wp:attachment":[{"href":"https:\/\/www.colectivodeabogados.org\/psicosocial\/wp-json\/wp\/v2\/media?parent=630"}],"curies":[{"name":"wp","href":"https:\/\/api.w.org\/{rel}","templated":true}]}}